{"id":13961,"date":"2023-02-11T10:01:07","date_gmt":"2023-02-11T10:01:07","guid":{"rendered":"https:\/\/universaldegriferia.com\/producto\/torneira-de-cozinha-catriel-3\/"},"modified":"2023-02-11T10:01:07","modified_gmt":"2023-02-11T10:01:07","slug":"torneira-de-cozinha-catriel-3","status":"publish","type":"product","link":"https:\/\/www.universaldegriferia.com\/pt-pt\/producto\/torneira-de-cozinha-catriel-3\/","title":{"rendered":"Torneira de cozinha CATRIEL"},"content":{"rendered":"<div class=\"description_inner\">\n<div class=\"left_content_desc\">\n<h2><span>Refer\u00eancia<\/span><b>UG<\/b> 11097<\/h2>\n<ul>\n<li>Material: <b>Lat\u00e3o<\/b><\/li>\n<li>Acabamento: <b>Preto<\/b><\/li>\n<li>Categoria : <b>Torneira de cozinha<\/b><\/li>\n<li>Tipo: <b>Torneira de alavanca \u00fanica<\/b><\/li>\n<li>Apresenta\u00e7\u00e3o: <b>UG Box<\/b><\/li>\n<li>Utiliza\u00e7\u00e3o: <b>Dom\u00e9stico<\/b><\/li>\n<li>Acess\u00f3rios: <b>Conjunto de fixa\u00e7\u00e3o | Mangueiras<\/b><\/li>\n<li>Outros: <b>cartucho de 35 mm s\/f<\/b><\/li>\n<\/ul>\n<\/div>\n<div class=\"right_content_desc\">\n<h2><span>COZINHA TAPS<\/span><b>UG<\/b> Catriel  <\/h2>\n<p>Tamb\u00e9m oferecemos uma ampla gama de novidades em termos de<br \/>\nnossas torneiras de cozinha n\u00e3o amov\u00edveis, para aqueles utilizadores que precisam de um tipo de torneira mais convencional sem perder qualidade,<br \/>\nDesign e funcionalidade.  <\/p>\n<ul class=\"icon_desc\">\n<li class=\"tooltip\"><img decoding=\"async\" src=\"https:\/\/universaldegriferia.com\/wp-content\/uploads\/Icono_new_white-1.png%20\"> <span class=\"tooltiptext\">Novo ou em destaque<\/span><\/li>\n<li class=\"tooltip\"><img decoding=\"async\" src=\"https:\/\/universaldegriferia.com\/wp-content\/uploads\/2021\/05\/icono_aireador.png\"> <span class=\"tooltiptext\">Arejador<\/span><\/li>\n<li class=\"tooltip\"><img decoding=\"async\" src=\"https:\/\/universaldegriferia.com\/wp-content\/uploads\/2021\/05\/icono_easy-clean.png\"> <span class=\"tooltiptext\">Limpeza f\u00e1cil<\/span><\/li>\n<li class=\"tooltip\"><img decoding=\"async\" src=\"https:\/\/universaldegriferia.com\/wp-content\/uploads\/2021\/05\/icono_facil-montaje.png%20\"> <span class=\"tooltiptext\">F\u00e1cil instala\u00e7\u00e3o<\/span><\/li>\n<li class=\"tooltip\"><img decoding=\"async\" src=\"https:\/\/universaldegriferia.com\/wp-content\/uploads\/2021\/05\/icono_movilidad.png\"> <span class=\"tooltiptext\">Mobilidade extra<\/span><\/li>\n<\/ul>\n<div class=\"clear\"><\/div>\n<h3><b>EAN: <\/b>8437019556631<\/h3>\n<div class=\"clear\"><\/div>\n<\/div>\n<\/div>\n","protected":false},"excerpt":{"rendered":"<ul>\n<li>Mangueiras de 400mm com certificado CE<\/li>\n<li>Base met\u00e1lica<\/li>\n<li>Cartucho de disco cer\u00e2mico 40mm S\/F<\/li>\n<\/ul>\n<div id=\"pdf_link\">\n<ul>\n<li class=\"tooltip\"><img decoding=\"async\" src=\"https:\/\/universaldegriferia.com\/wp-content\/uploads\/Icono_new_white-1.png%20\"> <span class=\"tooltiptext\">Novo ou em destaque<\/span><\/li>\n<li class=\"tooltip\"><img decoding=\"async\" src=\"https:\/\/universaldegriferia.com\/wp-content\/uploads\/2021\/05\/icono_aireador-WHITE.png\"> <span class=\"tooltiptext\">Arejador<\/span><\/li>\n<li class=\"tooltip\"><img decoding=\"async\" src=\"https:\/\/universaldegriferia.com\/wp-content\/uploads\/2021\/05\/icono_easy-clean-WHITE.png\"> <span class=\"tooltiptext\">Limpeza f\u00e1cil<\/span><\/li>\n<li class=\"tooltip\"><img decoding=\"async\" src=\"https:\/\/universaldegriferia.com\/wp-content\/uploads\/2021\/05\/icono_facil-montaje-WHITE.png%20\"> <span class=\"tooltiptext\">F\u00e1cil instala\u00e7\u00e3o<\/span><\/li>\n<li class=\"tooltip\"><img decoding=\"async\" src=\"https:\/\/universaldegriferia.com\/wp-content\/uploads\/2021\/05\/icono_movilidad-WHITE.png\"> <span class=\"tooltiptext\">Mobilidade extra<\/span><\/li>\n<\/ul>\n<p><a data=\"https:\/\/universaldegriferia.com\/wp-content\/uploads\/UG_11097_ficha_tecnica2021.pdf\" target=\"_blank\" rel=\"noopener\">Folha de produtos PDF<\/a><br \/>\n<a data=\"https:\/\/universaldegriferia.com\/wp-content\/uploads\/UG11097_plano.pdf\" target=\"_blank\" rel=\"noopener\">Plano T\u00e9cnico<\/a><\/p>\n<\/div>\n","protected":false},"featured_media":12642,"comment_status":"closed","ping_status":"closed","template":"","meta":{"site-sidebar-layout":"default","site-content-layout":"default","ast-global-header-display":"","ast-main-header-display":"","ast-hfb-above-header-display":"","ast-hfb-below-header-display":"","ast-hfb-mobile-header-display":"","site-post-title":"","ast-breadcrumbs-content":"","ast-featured-img":"","footer-sml-layout":"","theme-transparent-header-meta":"default","adv-header-id-meta":"","stick-header-meta":"default","header-above-stick-meta":"","header-main-stick-meta":"","header-below-stick-meta":""},"product_brand":[],"product_cat":[351,364],"product_tag":[],"yst_prominent_words":[],"class_list":{"0":"post-13961","1":"product","2":"type-product","3":"status-publish","4":"has-post-thumbnail","6":"product_cat-coleccao-cozinha","7":"product_cat-noticias-e-destaques-das-torneiras-de-cozinha","8":"desktop-align-left","9":"tablet-align-left","10":"mobile-align-left","11":"ast-product-gallery-layout-horizontal-slider","12":"ast-product-gallery-with-no-image","13":"ast-product-single-variable","14":"ast-product-tabs-layout-horizontal","16":"first","17":"instock","18":"featured","19":"shipping-taxable","20":"purchasable","21":"product-type-variable"},"_links":{"self":[{"href":"https:\/\/www.universaldegriferia.com\/pt-pt\/wp-json\/wp\/v2\/product\/13961","targetHints":{"allow":["GET"]}}],"collection":[{"href":"https:\/\/www.universaldegriferia.com\/pt-pt\/wp-json\/wp\/v2\/product"}],"about":[{"href":"https:\/\/www.universaldegriferia.com\/pt-pt\/wp-json\/wp\/v2\/types\/product"}],"replies":[{"embeddable":true,"href":"https:\/\/www.universaldegriferia.com\/pt-pt\/wp-json\/wp\/v2\/comments?post=13961"}],"wp:featuredmedia":[{"embeddable":true,"href":"https:\/\/www.universaldegriferia.com\/pt-pt\/wp-json\/wp\/v2\/media\/12642"}],"wp:attachment":[{"href":"https:\/\/www.universaldegriferia.com\/pt-pt\/wp-json\/wp\/v2\/media?parent=13961"}],"wp:term":[{"taxonomy":"product_brand","embeddable":true,"href":"https:\/\/www.universaldegriferia.com\/pt-pt\/wp-json\/wp\/v2\/product_brand?post=13961"},{"taxonomy":"product_cat","embeddable":true,"href":"https:\/\/www.universaldegriferia.com\/pt-pt\/wp-json\/wp\/v2\/product_cat?post=13961"},{"taxonomy":"product_tag","embeddable":true,"href":"https:\/\/www.universaldegriferia.com\/pt-pt\/wp-json\/wp\/v2\/product_tag?post=13961"},{"taxonomy":"yst_prominent_words","embeddable":true,"href":"https:\/\/www.universaldegriferia.com\/pt-pt\/wp-json\/wp\/v2\/yst_prominent_words?post=13961"}],"curies":[{"name":"wp","href":"https:\/\/api.w.org\/{rel}","templated":true}]}}