{"id":13946,"date":"2023-02-11T10:01:06","date_gmt":"2023-02-11T10:01:06","guid":{"rendered":"https:\/\/universaldegriferia.com\/producto\/coluna-a-85\/"},"modified":"2023-02-11T10:01:06","modified_gmt":"2023-02-11T10:01:06","slug":"coluna-a-85","status":"publish","type":"product","link":"https:\/\/www.universaldegriferia.com\/pt-pt\/producto\/coluna-a-85\/","title":{"rendered":"Coluna A-85"},"content":{"rendered":"<div class=\"description_inner\">\n<div class=\"left_content_desc\">\n<h2><span>Refer\u00eancia<\/span><b>UG<\/b> 30007<\/h2>\n<ul>\n<li>Material: <b>Alum\u00ednio <\/b> <\/li>\n<li>Acabamento: <b>Prata <\/b> <\/li>\n<li>Categoria: <b>Coluna de Hidromassagem<\/b><\/li>\n<li>Tipo: <b>N\u00e3o termost\u00e1tico<\/b><\/li>\n<li>Apresenta\u00e7\u00e3o: <b>UG Box<\/b><\/li>\n<li>Utiliza\u00e7\u00e3o: <b>Dom\u00e9stico<\/b><\/li>\n<li>Acess\u00f3rios: <b>Coloque | | de fixa\u00e7\u00e3o flexo |.<\/b><\/li>\n<li>Outros: <b>3 Jatos de hidromassagem<\/b><\/li>\n<\/ul>\n<\/div>\n<div class=\"right_content_desc\">\n<h2><span>COLUNA WHIRLPOOL<\/span><b>UG<\/b> A-85  <\/h2>\n<p>Coluna de hidromassagem de cor preta de estilo moderno e acabamento em alum\u00ednio.<br \/>\nTem 6 aspersores e aspers\u00e3o superior integrados na coluna em si<br \/>\ncom fun\u00e7\u00e3o cascata.  <\/p>\n<ul class=\"icon_desc\">\n<li class=\"tooltip\"><img decoding=\"async\" src=\"https:\/\/universaldegriferia.com\/wp-content\/uploads\/2021\/05\/icono_antihuellas.png\"> <span class=\"tooltiptext\">Anti-impress\u00e3o digital<\/span><\/li>\n<li class=\"tooltip\"><img decoding=\"async\" src=\"https:\/\/universaldegriferia.com\/wp-content\/uploads\/2021\/05\/icono_easy-clean.png\"> <span class=\"tooltiptext\">Limpeza f\u00e1cil<\/span><\/li>\n<li class=\"tooltip\"><img decoding=\"async\" src=\"https:\/\/universaldegriferia.com\/wp-content\/uploads\/2021\/05\/icono_facil-montaje.png%20\"> <span class=\"tooltiptext\">F\u00e1cil instala\u00e7\u00e3o<\/span><\/li>\n<li class=\"tooltip\"><img decoding=\"async\" src=\"https:\/\/universaldegriferia.com\/wp-content\/uploads\/2021\/05\/icono_valvula.png%20\"> <span class=\"tooltiptext\">V\u00e1lvula de fluxo<\/span><\/li>\n<\/ul>\n<div class=\"clear\"><\/div>\n<h3><b>EAN: <\/b>927073204134<\/h3>\n<div class=\"clear\"><\/div>\n<\/div>\n<\/div>\n","protected":false},"excerpt":{"rendered":"<ul>\n<li>Medidas: 155 x 21cm<\/li>\n<li>Material:Alum\u00ednio<\/li>\n<li>Cor: Prata<\/li>\n<li>N\u00famero de jatos: 3<\/li>\n<li>Toque de alavanca \u00fanica<\/li>\n<\/ul>\n<div id=\"pdf_link\">\n<ul>\n<li class=\"tooltip\"><img decoding=\"async\" src=\"https:\/\/universaldegriferia.com\/wp-content\/uploads\/2021\/05\/icono_antihuellas-WHITE.png\"> <span class=\"tooltiptext\">Anti-impress\u00e3o digital<\/span><\/li>\n<li class=\"tooltip\"><img decoding=\"async\" src=\"https:\/\/universaldegriferia.com\/wp-content\/uploads\/2021\/05\/icono_easy-clean-WHITE.png\"> <span class=\"tooltiptext\">Limpeza f\u00e1cil<\/span><\/li>\n<li class=\"tooltip\"><img decoding=\"async\" src=\"https:\/\/universaldegriferia.com\/wp-content\/uploads\/2021\/05\/icono_facil-montaje-WHITE.png%20\"> <span class=\"tooltiptext\">F\u00e1cil instala\u00e7\u00e3o<\/span><\/li>\n<li class=\"tooltip\"><img decoding=\"async\" src=\"https:\/\/universaldegriferia.com\/wp-content\/uploads\/2021\/05\/icono_valvula-WHITE.png%20\"> <span class=\"tooltiptext\">V\u00e1lvula de fluxo<\/span><\/li>\n<\/ul>\n<p><a data=\"https:\/\/universaldegriferia.com\/wp-content\/uploads\/UG_30007_ficha_tecnica2021.pdf\" target=\"_blank\" rel=\"noopener\">Folha de produtos PDF<\/a><br \/>\n<a data=\"https:\/\/universaldegriferia.com\/wp-content\/uploads\/UG30007_plano.pdf\" target=\"_blank\" rel=\"noopener\">Plano T\u00e9cnico<\/a><\/p>\n<\/div>\n","protected":false},"featured_media":12655,"comment_status":"closed","ping_status":"closed","template":"","meta":{"site-sidebar-layout":"default","site-content-layout":"default","ast-global-header-display":"","ast-main-header-display":"","ast-hfb-above-header-display":"","ast-hfb-below-header-display":"","ast-hfb-mobile-header-display":"","site-post-title":"","ast-breadcrumbs-content":"","ast-featured-img":"","footer-sml-layout":"","theme-transparent-header-meta":"default","adv-header-id-meta":"","stick-header-meta":"default","header-above-stick-meta":"","header-main-stick-meta":"","header-below-stick-meta":""},"product_brand":[],"product_cat":[355,343],"product_tag":[],"yst_prominent_words":[],"class_list":{"0":"post-13946","1":"product","2":"type-product","3":"status-publish","4":"has-post-thumbnail","6":"product_cat-coluna-de-hidromassagem","7":"product_cat-hidroterapia-pt-pt","8":"desktop-align-left","9":"tablet-align-left","10":"mobile-align-left","11":"ast-product-gallery-layout-horizontal-slider","12":"ast-product-gallery-with-no-image","13":"ast-product-single-variable","14":"ast-product-tabs-layout-horizontal","16":"first","17":"instock","18":"shipping-taxable","19":"purchasable","20":"product-type-variable"},"_links":{"self":[{"href":"https:\/\/www.universaldegriferia.com\/pt-pt\/wp-json\/wp\/v2\/product\/13946","targetHints":{"allow":["GET"]}}],"collection":[{"href":"https:\/\/www.universaldegriferia.com\/pt-pt\/wp-json\/wp\/v2\/product"}],"about":[{"href":"https:\/\/www.universaldegriferia.com\/pt-pt\/wp-json\/wp\/v2\/types\/product"}],"replies":[{"embeddable":true,"href":"https:\/\/www.universaldegriferia.com\/pt-pt\/wp-json\/wp\/v2\/comments?post=13946"}],"wp:featuredmedia":[{"embeddable":true,"href":"https:\/\/www.universaldegriferia.com\/pt-pt\/wp-json\/wp\/v2\/media\/12655"}],"wp:attachment":[{"href":"https:\/\/www.universaldegriferia.com\/pt-pt\/wp-json\/wp\/v2\/media?parent=13946"}],"wp:term":[{"taxonomy":"product_brand","embeddable":true,"href":"https:\/\/www.universaldegriferia.com\/pt-pt\/wp-json\/wp\/v2\/product_brand?post=13946"},{"taxonomy":"product_cat","embeddable":true,"href":"https:\/\/www.universaldegriferia.com\/pt-pt\/wp-json\/wp\/v2\/product_cat?post=13946"},{"taxonomy":"product_tag","embeddable":true,"href":"https:\/\/www.universaldegriferia.com\/pt-pt\/wp-json\/wp\/v2\/product_tag?post=13946"},{"taxonomy":"yst_prominent_words","embeddable":true,"href":"https:\/\/www.universaldegriferia.com\/pt-pt\/wp-json\/wp\/v2\/yst_prominent_words?post=13946"}],"curies":[{"name":"wp","href":"https:\/\/api.w.org\/{rel}","templated":true}]}}