{"id":13870,"date":"2023-02-11T10:00:29","date_gmt":"2023-02-11T10:00:29","guid":{"rendered":"https:\/\/universaldegriferia.com\/producto\/kit-de-chuveiro-fonfria\/"},"modified":"2023-02-11T10:00:29","modified_gmt":"2023-02-11T10:00:29","slug":"kit-de-chuveiro-fonfria","status":"publish","type":"product","link":"https:\/\/www.universaldegriferia.com\/pt-pt\/producto\/kit-de-chuveiro-fonfria\/","title":{"rendered":"Kit de chuveiro FONFR\u00cdA"},"content":{"rendered":"<div class=\"description_inner\">\n<div class=\"left_content_desc\">\n<h2><span>Refer\u00eancia<\/span><b>UG<\/b> 31003<\/h2>\n<ul>\n<li>Material: <b>A\u00e7o inoxid\u00e1vel<\/b><\/li>\n<li>Acabamento: <b>Cromado<\/b><\/li>\n<li>Categoria : <b>Conjunto de duche<\/b><\/li>\n<li>Tipo: <b>Sem torneira<\/b><\/li>\n<li>Apresenta\u00e7\u00e3o: <b>UG Box<\/b><\/li>\n<li>Utiliza\u00e7\u00e3o: <b>Dom\u00e9stico<\/b><\/li>\n<li>Acess\u00f3rios: Barra de duche, flexo de liga\u00e7\u00e3o \u00e0 torneira, <b>liga\u00e7\u00e3o<br \/>\nde pega de 150 cm flexo, pega de duche m\u00f3vel, pulverizador<br \/>\n fixo, suporte e sistema de fixa\u00e7\u00e3o<\/b><\/li>\n<li>Outros: <b>Pulverizador redondo de 20cm de di\u00e2metro<\/b><\/li>\n<\/ul>\n<\/div>\n<div class=\"right_content_desc\">\n<h2><span>CONJUNTO DE DUCHE SEM TORNEIRA<\/span><b>UG<\/b> Fonfr\u00eda  <\/h2>\n<p>Conjunto de chuveiro de design moderno com aspersor quadrado e bar<br \/>\nredondo e met\u00e1lico. N\u00e3o tem uma torneira.<\/p>\n<ul class=\"icon_desc\">\n<li class=\"tooltip\"><img decoding=\"async\" src=\"https:\/\/universaldegriferia.com\/wp-content\/uploads\/2021\/05\/icono_antihuellas.png\"> <span class=\"tooltiptext\">Anti-impress\u00e3o digital<\/span><\/li>\n<li class=\"tooltip\"><img decoding=\"async\" src=\"https:\/\/universaldegriferia.com\/wp-content\/uploads\/2021\/05\/icono_easy-clean.png\"> <span class=\"tooltiptext\">Limpeza f\u00e1cil<\/span><\/li>\n<li class=\"tooltip\"><img decoding=\"async\" src=\"https:\/\/universaldegriferia.com\/wp-content\/uploads\/2021\/05\/icono_facil-montaje.png%20\"> <span class=\"tooltiptext\">F\u00e1cil instala\u00e7\u00e3o<\/span><\/li>\n<\/ul>\n<div class=\"clear\"><\/div>\n<h3><b>EAN: <\/b>9427073203762<\/h3>\n<div class=\"clear\"><\/div>\n<\/div>\n<\/div>\n","protected":false},"excerpt":{"rendered":"<ul>\n<li>Conjunto de chuveiro quadrado<\/li>\n<li>Sem sapateado<\/li>\n<li>Dist\u00e2ncia de parede &#8211; centro de aspers\u00e3o: 39cm<\/li>\n<li>Di\u00e2metro do spray: 20cm<\/li>\n<li>Barra redonda de metal<\/li>\n<li>Aspersores quadrados em ABS<\/li>\n<li>Medidas n\u00e3o extens\u00edveis; 98cm  <\/li>\n<\/ul>\n<div id=\"pdf_link\">\n<ul>\n<li class=\"tooltip\"><img decoding=\"async\" src=\"https:\/\/universaldegriferia.com\/wp-content\/uploads\/2021\/05\/icono_antihuellas-WHITE.png\"> <span class=\"tooltiptext\">Anti-impress\u00e3o digital<\/span><\/li>\n<li class=\"tooltip\"><img decoding=\"async\" src=\"https:\/\/universaldegriferia.com\/wp-content\/uploads\/2021\/05\/icono_easy-clean-WHITE.png\"> <span class=\"tooltiptext\">Limpeza f\u00e1cil<\/span><\/li>\n<li class=\"tooltip\"><img decoding=\"async\" src=\"https:\/\/universaldegriferia.com\/wp-content\/uploads\/2021\/05\/icono_facil-montaje-WHITE.png%20\"> <span class=\"tooltiptext\">F\u00e1cil instala\u00e7\u00e3o<\/span><\/li>\n<\/ul>\n<p><a data=\"https:\/\/universaldegriferia.com\/wp-content\/uploads\/UG_31003_ficha_tecnica2021.pdf\" target=\"_blank\" rel=\"noopener\">Folha de produtos PDF<\/a><br \/>\n<a data=\"https:\/\/universaldegriferia.com\/wp-content\/uploads\/UG31003_plano.pdf\" target=\"_blank\" rel=\"noopener\">Plano T\u00e9cnico<\/a><\/p>\n<\/div>\n","protected":false},"featured_media":12700,"comment_status":"closed","ping_status":"closed","template":"","meta":{"site-sidebar-layout":"default","site-content-layout":"default","ast-global-header-display":"","ast-main-header-display":"","ast-hfb-above-header-display":"","ast-hfb-below-header-display":"","ast-hfb-mobile-header-display":"","site-post-title":"","ast-breadcrumbs-content":"","ast-featured-img":"","footer-sml-layout":"","theme-transparent-header-meta":"default","adv-header-id-meta":"","stick-header-meta":"default","header-above-stick-meta":"","header-main-stick-meta":"","header-below-stick-meta":""},"product_brand":[],"product_cat":[349,343],"product_tag":[],"yst_prominent_words":[],"class_list":{"0":"post-13870","1":"product","2":"type-product","3":"status-publish","4":"has-post-thumbnail","6":"product_cat-conjunto-de-chuveiro-sem-torneira","7":"product_cat-hidroterapia-pt-pt","8":"desktop-align-left","9":"tablet-align-left","10":"mobile-align-left","11":"ast-product-gallery-layout-horizontal-slider","12":"ast-product-gallery-with-no-image","13":"ast-product-single-variable","14":"ast-product-tabs-layout-horizontal","16":"first","17":"instock","18":"shipping-taxable","19":"purchasable","20":"product-type-variable"},"_links":{"self":[{"href":"https:\/\/www.universaldegriferia.com\/pt-pt\/wp-json\/wp\/v2\/product\/13870","targetHints":{"allow":["GET"]}}],"collection":[{"href":"https:\/\/www.universaldegriferia.com\/pt-pt\/wp-json\/wp\/v2\/product"}],"about":[{"href":"https:\/\/www.universaldegriferia.com\/pt-pt\/wp-json\/wp\/v2\/types\/product"}],"replies":[{"embeddable":true,"href":"https:\/\/www.universaldegriferia.com\/pt-pt\/wp-json\/wp\/v2\/comments?post=13870"}],"wp:featuredmedia":[{"embeddable":true,"href":"https:\/\/www.universaldegriferia.com\/pt-pt\/wp-json\/wp\/v2\/media\/12700"}],"wp:attachment":[{"href":"https:\/\/www.universaldegriferia.com\/pt-pt\/wp-json\/wp\/v2\/media?parent=13870"}],"wp:term":[{"taxonomy":"product_brand","embeddable":true,"href":"https:\/\/www.universaldegriferia.com\/pt-pt\/wp-json\/wp\/v2\/product_brand?post=13870"},{"taxonomy":"product_cat","embeddable":true,"href":"https:\/\/www.universaldegriferia.com\/pt-pt\/wp-json\/wp\/v2\/product_cat?post=13870"},{"taxonomy":"product_tag","embeddable":true,"href":"https:\/\/www.universaldegriferia.com\/pt-pt\/wp-json\/wp\/v2\/product_tag?post=13870"},{"taxonomy":"yst_prominent_words","embeddable":true,"href":"https:\/\/www.universaldegriferia.com\/pt-pt\/wp-json\/wp\/v2\/yst_prominent_words?post=13870"}],"curies":[{"name":"wp","href":"https:\/\/api.w.org\/{rel}","templated":true}]}}