{"id":13857,"date":"2023-02-11T09:55:09","date_gmt":"2023-02-11T09:55:09","guid":{"rendered":"https:\/\/universaldegriferia.com\/producto\/kit-de-chuveiro-embutido-arenas-negro\/"},"modified":"2023-02-11T09:55:09","modified_gmt":"2023-02-11T09:55:09","slug":"kit-de-chuveiro-embutido-arenas-negro","status":"publish","type":"product","link":"https:\/\/www.universaldegriferia.com\/pt-pt\/producto\/kit-de-chuveiro-embutido-arenas-negro\/","title":{"rendered":"Kit de chuveiro embutido ARENAS NEGRO"},"content":{"rendered":"<div class=\"description_inner\">\n<div class=\"left_content_desc\">\n<h2><span>Refer\u00eancia:<\/span><b>UG<\/b> 31040<\/h2>\n<ul>\n<li>Material: <b>A\u00e7o inoxid\u00e1vel<\/b><\/li>\n<li>Acabamento: <b>Preto<\/b><\/li>\n<li>Categoria : <b>Conjunto de duche<\/b><\/li>\n<li>Tipo: <b>Recesso<\/b><\/li>\n<li>Apresenta\u00e7\u00e3o: <b>UG Box<\/b><\/li>\n<li>Utiliza\u00e7\u00e3o: <b>Dom\u00e9stico<\/b><\/li>\n<li>Acess\u00f3rios: <\/b>Conjunto de fixa\u00e7\u00e3o de metais e acess\u00f3rios ABS. Alavanca de alavanca \u00fanica embutida e aspersor de topo quadrado<\/b><\/li>\n<li>Outros: <b>Pulverizador extra-plano de 25 cm de di\u00e2metro<\/b><\/li>\n<\/ul><\/div>\n<div class=\"right_content_desc\">\n<h2><span>CONJUNTO DE CHUVEIRO INCORPORADO<\/span><b>UG<\/b> Arenas  <\/h2>\n<p>  Conjunto de chuveiro embutido com aspersor de topo quadrado correspondente com pega de chuveiro. Minimalismo design na tend\u00eancia.<br \/>\n  Dispon\u00edvel em duas cores Chrome \/ Preto.<\/p>\n<ul class=\"icon_desc\">\n<li class=\"tooltip\"><img decoding=\"async\" src=\"https:\/\/universaldegriferia.com\/wp-content\/uploads\/2021\/05\/icono_new.png\"> <span class=\"tooltiptext\">Novo ou em destaque<\/span><\/li>\n<li class=\"tooltip\"><img decoding=\"async\" src=\"https:\/\/universaldegriferia.com\/wp-content\/uploads\/2021\/05\/icono_antihuellas.png\"> <span class=\"tooltiptext\">Anti-impress\u00e3o digital<\/span><\/li>\n<li class=\"tooltip\"><img decoding=\"async\" src=\"https:\/\/universaldegriferia.com\/wp-content\/uploads\/2021\/05\/icono_easy-clean.png\"> <span class=\"tooltiptext\">Limpeza f\u00e1cil<\/span><\/li>\n<li class=\"tooltip\"><img decoding=\"async\" src=\"https:\/\/universaldegriferia.com\/wp-content\/uploads\/2021\/05\/icono_extraplano.png\"> <span class=\"tooltiptext\">Ultra-fino<\/span><\/li>\n<li class=\"tooltip\"><img decoding=\"async\" src=\"https:\/\/universaldegriferia.com\/wp-content\/uploads\/2021\/05\/icono_facil-montaje.png%20\"> <span class=\"tooltiptext\">F\u00e1cil instala\u00e7\u00e3o<\/span><\/li>\n<\/ul>\n<div class=\"clear\"><\/div>\n<h3><b>EAN: <\/b>8437019556686<\/h3>\n<div class=\"clear\"><\/div>\n<\/p><\/div>\n<\/p><\/div>\n","protected":false},"excerpt":{"rendered":"<ul>\n<li>Conjunto de chuveiro embutido quadrado<\/li>\n<li>Cartucho de disco cer\u00e2mico 35mm S\/F<\/li>\n<li>Torneira de lat\u00e3o &#8211; Cabo de zinco<\/li>\n<li>Di\u00e2metro de pulveriza\u00e7\u00e3o superior 25cm<\/li>\n<li>Acabamento cromado<\/li>\n<li>Conjunto de fixa\u00e7\u00f5es met\u00e1licas e acess\u00f3rios em ABS<\/li>\n<\/ul>\n<div id=\"pdf_link\">\n<ul>\n<li class=\"tooltip\"><img decoding=\"async\" src=\"https:\/\/universaldegriferia.com\/wp-content\/uploads\/Icono_new_white-1.png\"> <span class=\"tooltiptext\">Novo ou em destaque<\/span><\/li>\n<li class=\"tooltip\"><img decoding=\"async\" src=\"https:\/\/universaldegriferia.com\/wp-content\/uploads\/2021\/05\/icono_antihuellas-WHITE.png\"> <span class=\"tooltiptext\">Anti-impress\u00e3o digital<\/span><\/li>\n<li class=\"tooltip\"><img decoding=\"async\" src=\"https:\/\/universaldegriferia.com\/wp-content\/uploads\/2021\/05\/icono_easy-clean-WHITE.png\"> <span class=\"tooltiptext\">Limpeza f\u00e1cil<\/span><\/li>\n<li class=\"tooltip\"><img decoding=\"async\" src=\"https:\/\/universaldegriferia.com\/wp-content\/uploads\/2021\/05\/icono_extraplano-WHITE.png\"> <span class=\"tooltiptext\">Ultra-fino<\/span><\/li>\n<li class=\"tooltip\"><img decoding=\"async\" src=\"https:\/\/universaldegriferia.com\/wp-content\/uploads\/2021\/05\/icono_facil-montaje-WHITE.png\"> <span class=\"tooltiptext\">F\u00e1cil instala\u00e7\u00e3o<\/span><\/li>\n<\/ul>\n<p><a data=\"https:\/\/universaldegriferia.com\/wp-content\/uploads\/UG_31040_ficha_tecnica2021.pdf\" target=\"_blank\" rel=\"noopener\">Folha de produtos PDF<\/a><br \/>\n<a data=\"https:\/\/universaldegriferia.com\/wp-content\/uploads\/UG31040_plano.pdf\" target=\"_blank\" rel=\"noopener\">Plano T\u00e9cnico<\/a><\/p><\/div>\n","protected":false},"featured_media":13631,"comment_status":"closed","ping_status":"closed","template":"","meta":{"site-sidebar-layout":"default","site-content-layout":"default","ast-global-header-display":"","ast-main-header-display":"","ast-hfb-above-header-display":"","ast-hfb-below-header-display":"","ast-hfb-mobile-header-display":"","site-post-title":"","ast-breadcrumbs-content":"","ast-featured-img":"","footer-sml-layout":"","theme-transparent-header-meta":"default","adv-header-id-meta":"","stick-header-meta":"default","header-above-stick-meta":"","header-main-stick-meta":"","header-below-stick-meta":""},"product_brand":[],"product_cat":[343,344],"product_tag":[],"yst_prominent_words":[],"class_list":{"0":"post-13857","1":"product","2":"type-product","3":"status-publish","4":"has-post-thumbnail","6":"product_cat-hidroterapia-pt-pt","7":"product_cat-conjunto-de-chuveiro-embutido","8":"desktop-align-left","9":"tablet-align-left","10":"mobile-align-left","11":"ast-product-gallery-layout-horizontal-slider","12":"ast-product-gallery-with-no-image","13":"ast-product-single-variable","14":"ast-product-tabs-layout-horizontal","16":"first","17":"instock","18":"featured","19":"shipping-taxable","20":"purchasable","21":"product-type-variable"},"_links":{"self":[{"href":"https:\/\/www.universaldegriferia.com\/pt-pt\/wp-json\/wp\/v2\/product\/13857","targetHints":{"allow":["GET"]}}],"collection":[{"href":"https:\/\/www.universaldegriferia.com\/pt-pt\/wp-json\/wp\/v2\/product"}],"about":[{"href":"https:\/\/www.universaldegriferia.com\/pt-pt\/wp-json\/wp\/v2\/types\/product"}],"replies":[{"embeddable":true,"href":"https:\/\/www.universaldegriferia.com\/pt-pt\/wp-json\/wp\/v2\/comments?post=13857"}],"wp:featuredmedia":[{"embeddable":true,"href":"https:\/\/www.universaldegriferia.com\/pt-pt\/wp-json\/wp\/v2\/media\/13631"}],"wp:attachment":[{"href":"https:\/\/www.universaldegriferia.com\/pt-pt\/wp-json\/wp\/v2\/media?parent=13857"}],"wp:term":[{"taxonomy":"product_brand","embeddable":true,"href":"https:\/\/www.universaldegriferia.com\/pt-pt\/wp-json\/wp\/v2\/product_brand?post=13857"},{"taxonomy":"product_cat","embeddable":true,"href":"https:\/\/www.universaldegriferia.com\/pt-pt\/wp-json\/wp\/v2\/product_cat?post=13857"},{"taxonomy":"product_tag","embeddable":true,"href":"https:\/\/www.universaldegriferia.com\/pt-pt\/wp-json\/wp\/v2\/product_tag?post=13857"},{"taxonomy":"yst_prominent_words","embeddable":true,"href":"https:\/\/www.universaldegriferia.com\/pt-pt\/wp-json\/wp\/v2\/yst_prominent_words?post=13857"}],"curies":[{"name":"wp","href":"https:\/\/api.w.org\/{rel}","templated":true}]}}