{"id":13851,"date":"2023-02-11T09:55:08","date_gmt":"2023-02-11T09:55:08","guid":{"rendered":"https:\/\/universaldegriferia.com\/producto\/kit-de-chuveiro-sol\/"},"modified":"2023-02-11T09:55:08","modified_gmt":"2023-02-11T09:55:08","slug":"kit-de-chuveiro-sol","status":"publish","type":"product","link":"https:\/\/www.universaldegriferia.com\/pt-pt\/producto\/kit-de-chuveiro-sol\/","title":{"rendered":"Kit de chuveiro SOL"},"content":{"rendered":"<div class=\"description_inner\">\n<div class=\"left_content_desc\">\n<h2>Refer\u00eancia<b>UG<\/b> 32003<\/h2>\n<ul>\n<li>Material: <b>Chrome <\/b> <\/li>\n<li>Acabamento: <b>Cromado <\/b> <\/li>\n<li>Categoria : <b>Kit de Banho <\/b> <\/li>\n<li>Tipo: <b>Acess\u00f3rios para duche<\/b><\/li>\n<li>Apresenta\u00e7\u00e3o: <b>Blister UG<\/b><\/li>\n<li>Utiliza\u00e7\u00e3o: <b>Dom\u00e9stico<\/b><\/li>\n<li>Acess\u00f3rios: <b>Inclu\u00eddo <\/b> <\/li>\n<li>Outros:  <b> <\/b><\/li>\n<\/ul>\n<\/div>\n<div class=\"right_content_desc\">\n<h2><b>KIT DE CHUVEIRO UG<\/b> Sol<\/h2>\n<p>Temos uma ampla gama de kits de chuveiro com acabamentos altos<br \/>\nQualidade e maior durabilidade. A melhor op\u00e7\u00e3o para tomar um banho<br \/>\nContempor\u00e2neo, diferente e funcional a um pre\u00e7o muito competitivo.  &lt;  ul class=&#8221;icon_desc&#8221;&gt;<\/p>\n<ul>\n<li class=\"tooltip\"><img decoding=\"async\" src=\"https:\/\/universaldegriferia.com\/wp-content\/uploads\/2021\/05\/icono_antihuellas.png\"> <span class=\"tooltiptext\">Anti-impress\u00e3o digital<\/span><\/li>\n<li class=\"tooltip\"><img decoding=\"async\" src=\"https:\/\/universaldegriferia.com\/wp-content\/uploads\/2021\/05\/icono_easy-clean.png\"> <span class=\"tooltiptext\">Limpeza f\u00e1cil<\/span><\/li>\n<\/ul>\n<div class=\"clear\"><\/div>\n<h3><b>EAN: <\/b>9427073208484<\/h3>\n<div class=\"clear\"><\/div>\n<\/div>\n<\/div>\n","protected":false},"excerpt":{"rendered":"<ul>\n<li>Cabo de chuveiro sol<\/li>\n<li>Apoio RY-P012<\/li>\n<li>Flexo de a\u00e7o 1,7 &#8211; 2,2m<\/li>\n<\/ul>\n<div id=\"pdf_link\">\n<ul>\n<li class=\"tooltip\"><img decoding=\"async\" src=\"https:\/\/universaldegriferia.com\/wp-content\/uploads\/2021\/05\/icono_antihuellas-WHITE.png\"> <span class=\"tooltiptext\">Anti-impress\u00e3o digital<\/span><\/li>\n<li class=\"tooltip\"><img decoding=\"async\" src=\"https:\/\/universaldegriferia.com\/wp-content\/uploads\/2021\/05\/icono_easy-clean-WHITE.png\"> <span class=\"tooltiptext\">Limpeza f\u00e1cil<\/span><\/li>\n<\/ul>\n<p><a target=\"_blank\" rel=\"noopener\">Folha de produtos PDF<\/a><br \/>\n<a target=\"_blank\" rel=\"noopener\">Plano T\u00e9cnico<\/a><\/p>\n<\/div>\n","protected":false},"featured_media":13717,"comment_status":"closed","ping_status":"closed","template":"","meta":{"site-sidebar-layout":"default","site-content-layout":"default","ast-global-header-display":"","ast-main-header-display":"","ast-hfb-above-header-display":"","ast-hfb-below-header-display":"","ast-hfb-mobile-header-display":"","site-post-title":"","ast-breadcrumbs-content":"","ast-featured-img":"","footer-sml-layout":"","theme-transparent-header-meta":"default","adv-header-id-meta":"","stick-header-meta":"default","header-above-stick-meta":"","header-main-stick-meta":"","header-below-stick-meta":""},"product_brand":[],"product_cat":[336,338],"product_tag":[],"yst_prominent_words":[],"class_list":{"0":"post-13851","1":"product","2":"type-product","3":"status-publish","4":"has-post-thumbnail","6":"product_cat-acessorios","7":"product_cat-kit-de-chuveiro","8":"desktop-align-left","9":"tablet-align-left","10":"mobile-align-left","11":"ast-product-gallery-layout-horizontal-slider","12":"ast-product-gallery-with-no-image","13":"ast-product-single-variable","14":"ast-product-tabs-layout-horizontal","16":"first","17":"instock","18":"shipping-taxable","19":"purchasable","20":"product-type-variable"},"_links":{"self":[{"href":"https:\/\/www.universaldegriferia.com\/pt-pt\/wp-json\/wp\/v2\/product\/13851","targetHints":{"allow":["GET"]}}],"collection":[{"href":"https:\/\/www.universaldegriferia.com\/pt-pt\/wp-json\/wp\/v2\/product"}],"about":[{"href":"https:\/\/www.universaldegriferia.com\/pt-pt\/wp-json\/wp\/v2\/types\/product"}],"replies":[{"embeddable":true,"href":"https:\/\/www.universaldegriferia.com\/pt-pt\/wp-json\/wp\/v2\/comments?post=13851"}],"wp:featuredmedia":[{"embeddable":true,"href":"https:\/\/www.universaldegriferia.com\/pt-pt\/wp-json\/wp\/v2\/media\/13717"}],"wp:attachment":[{"href":"https:\/\/www.universaldegriferia.com\/pt-pt\/wp-json\/wp\/v2\/media?parent=13851"}],"wp:term":[{"taxonomy":"product_brand","embeddable":true,"href":"https:\/\/www.universaldegriferia.com\/pt-pt\/wp-json\/wp\/v2\/product_brand?post=13851"},{"taxonomy":"product_cat","embeddable":true,"href":"https:\/\/www.universaldegriferia.com\/pt-pt\/wp-json\/wp\/v2\/product_cat?post=13851"},{"taxonomy":"product_tag","embeddable":true,"href":"https:\/\/www.universaldegriferia.com\/pt-pt\/wp-json\/wp\/v2\/product_tag?post=13851"},{"taxonomy":"yst_prominent_words","embeddable":true,"href":"https:\/\/www.universaldegriferia.com\/pt-pt\/wp-json\/wp\/v2\/yst_prominent_words?post=13851"}],"curies":[{"name":"wp","href":"https:\/\/api.w.org\/{rel}","templated":true}]}}