{"id":13816,"date":"2023-02-11T08:58:26","date_gmt":"2023-02-11T08:58:26","guid":{"rendered":"https:\/\/universaldegriferia.com\/obrigado-por-subscrever\/"},"modified":"2023-02-11T08:58:27","modified_gmt":"2023-02-11T08:58:27","slug":"obrigado-por-subscrever","status":"publish","type":"page","link":"https:\/\/www.universaldegriferia.com\/pt-pt\/obrigado-por-subscrever\/","title":{"rendered":"Obrigado por subscrever"},"content":{"rendered":"\t\t<div data-elementor-type=\"wp-page\" data-elementor-id=\"13816\" class=\"elementor elementor-13816 elementor-153\" data-elementor-post-type=\"page\">\n\t\t\t\t\t\t<section class=\"elementor-section elementor-top-section elementor-element elementor-element-a63d048 elementor-section-stretched elementor-section-boxed elementor-section-height-default elementor-section-height-default\" data-id=\"a63d048\" data-element_type=\"section\" data-settings=\"{&quot;background_background&quot;:&quot;classic&quot;,&quot;stretch_section&quot;:&quot;section-stretched&quot;}\">\n\t\t\t\t\t\t<div class=\"elementor-container elementor-column-gap-default\">\n\t\t\t\t\t<div class=\"elementor-column elementor-col-100 elementor-top-column elementor-element elementor-element-9272605\" data-id=\"9272605\" data-element_type=\"column\">\n\t\t\t<div class=\"elementor-widget-wrap elementor-element-populated\">\n\t\t\t\t\t\t<div class=\"elementor-element elementor-element-f2df498 elementor-widget elementor-widget-heading\" data-id=\"f2df498\" data-element_type=\"widget\" data-widget_type=\"heading.default\">\n\t\t\t\t<div class=\"elementor-widget-container\">\n\t\t\t\t\t<h2 class=\"elementor-heading-title elementor-size-default\">Obrigado<\/h2>\t\t\t\t<\/div>\n\t\t\t\t<\/div>\n\t\t\t\t<div class=\"elementor-element elementor-element-17f814e elementor-widget elementor-widget-heading\" data-id=\"17f814e\" data-element_type=\"widget\" data-widget_type=\"heading.default\">\n\t\t\t\t<div class=\"elementor-widget-container\">\n\t\t\t\t\t<h2 class=\"elementor-heading-title elementor-size-default\">para subscrever<\/h2>\t\t\t\t<\/div>\n\t\t\t\t<\/div>\n\t\t\t\t<section class=\"elementor-section elementor-inner-section elementor-element elementor-element-ef0bea1 elementor-section-boxed elementor-section-height-default elementor-section-height-default\" data-id=\"ef0bea1\" data-element_type=\"section\">\n\t\t\t\t\t\t<div class=\"elementor-container elementor-column-gap-default\">\n\t\t\t\t\t<div class=\"elementor-column elementor-col-100 elementor-inner-column elementor-element elementor-element-44b8997\" data-id=\"44b8997\" data-element_type=\"column\">\n\t\t\t<div class=\"elementor-widget-wrap elementor-element-populated\">\n\t\t\t\t\t\t<div class=\"elementor-element elementor-element-f0b402b elementor-widget elementor-widget-text-editor\" data-id=\"f0b402b\" data-element_type=\"widget\" data-widget_type=\"text-editor.default\">\n\t\t\t\t<div class=\"elementor-widget-container\">\n\t\t\t\t\t\t\t\t\t<p>Em breve receber\u00e1 not\u00edcias sobre n\u00f3s e os nossos produtos.<\/p>\t\t\t\t\t\t\t\t<\/div>\n\t\t\t\t<\/div>\n\t\t\t\t\t<\/div>\n\t\t<\/div>\n\t\t\t\t\t<\/div>\n\t\t<\/section>\n\t\t\t\t\t<\/div>\n\t\t<\/div>\n\t\t\t\t\t<\/div>\n\t\t<\/section>\n\t\t\t\t<\/div>\n\t\t","protected":false},"excerpt":{"rendered":"<p>Obrigado para subscrever Em breve receber\u00e1 not\u00edcias sobre n\u00f3s e os nossos produtos.<\/p>\n","protected":false},"author":1,"featured_media":0,"parent":0,"menu_order":0,"comment_status":"closed","ping_status":"closed","template":"","meta":{"site-sidebar-layout":"no-sidebar","site-content-layout":"page-builder","ast-global-header-display":"","ast-main-header-display":"","ast-hfb-above-header-display":"","ast-hfb-below-header-display":"","ast-hfb-mobile-header-display":"","site-post-title":"disabled","ast-breadcrumbs-content":"","ast-featured-img":"disabled","footer-sml-layout":"","theme-transparent-header-meta":"default","adv-header-id-meta":"","stick-header-meta":"default","header-above-stick-meta":"","header-main-stick-meta":"","header-below-stick-meta":"","footnotes":""},"yst_prominent_words":[],"class_list":["post-13816","page","type-page","status-publish","hentry"],"_links":{"self":[{"href":"https:\/\/www.universaldegriferia.com\/pt-pt\/wp-json\/wp\/v2\/pages\/13816","targetHints":{"allow":["GET"]}}],"collection":[{"href":"https:\/\/www.universaldegriferia.com\/pt-pt\/wp-json\/wp\/v2\/pages"}],"about":[{"href":"https:\/\/www.universaldegriferia.com\/pt-pt\/wp-json\/wp\/v2\/types\/page"}],"author":[{"embeddable":true,"href":"https:\/\/www.universaldegriferia.com\/pt-pt\/wp-json\/wp\/v2\/users\/1"}],"replies":[{"embeddable":true,"href":"https:\/\/www.universaldegriferia.com\/pt-pt\/wp-json\/wp\/v2\/comments?post=13816"}],"version-history":[{"count":0,"href":"https:\/\/www.universaldegriferia.com\/pt-pt\/wp-json\/wp\/v2\/pages\/13816\/revisions"}],"wp:attachment":[{"href":"https:\/\/www.universaldegriferia.com\/pt-pt\/wp-json\/wp\/v2\/media?parent=13816"}],"wp:term":[{"taxonomy":"yst_prominent_words","embeddable":true,"href":"https:\/\/www.universaldegriferia.com\/pt-pt\/wp-json\/wp\/v2\/yst_prominent_words?post=13816"}],"curies":[{"name":"wp","href":"https:\/\/api.w.org\/{rel}","templated":true}]}}