{"id":6747,"date":"2021-06-14T16:59:16","date_gmt":"2021-06-14T16:59:16","guid":{"rendered":"https:\/\/universaldegriferia.com\/?post_type=product&#038;p=6747"},"modified":"2026-04-23T07:40:17","modified_gmt":"2026-04-23T07:40:17","slug":"grifo-de-cocina-vertical","status":"publish","type":"product","link":"https:\/\/www.universaldegriferia.com\/en\/producto\/grifo-de-cocina-vertical\/","title":{"rendered":"Grifo de cocina VERTICAL"},"content":{"rendered":"<div class=\"description_inner\">\n<div class=\"left_content_desc\">\n<h2><span>Referencia<\/span><b>UG<\/b> 11043<\/h2>\n<ul>\n<li>Material: <b>Lat\u00f3n<\/b><\/li>\n<li>Acabado: <b>Cromo<\/b><\/li>\n<li>Categor\u00eda: <b>Grifo de Cocina un agua<\/b><\/li>\n<li>Tipo: <b>Grifo monomando<\/b><\/li>\n<li>Presentaci\u00f3n: <b>Caja UG<\/b><\/li>\n<li>Uso: <b>Dom\u00e9stico<\/b><\/li>\n<li>Accesorios: <b>Set de fijaci\u00f3n | Latiguillos<\/b><\/li>\n<li>Otros: <b>Cartucho 35mm s\/f<\/b><\/li>\n<\/ul>\n<\/div>\n<div class=\"right_content_desc\">\n<h2><span>GRIFOS DE COCINA UN AGUA<\/span><b>UG<\/b> Vertical <\/h2>\n<p>Nuestra colecci\u00f3n de grifos de un agua est\u00e1 destinada en gran <\/p>\n<p>mayor\u00ed a a un uso m\u00e1s profesional dentro de la restauraci\u00f3n o de <\/p>\n<p>tiendas de manipulaci\u00f3n de alimentos como carnicer\u00ed as, pescader\u00ed as, <\/p>\n<p>etc. A pesar de tener un uso m\u00e1s concreto disponemos de diferentes <\/p>\n<p>estilos dependiendo de las necesidades del usuario.<\/p>\n<ul class=\"icon_desc\">\n<li class=\"tooltip\"><img decoding=\"async\" src=\"https:\/\/universaldegriferia.com\/wp-content\/uploads\/2021\/05\/icono_one-water.png\" \/> <span class=\"tooltiptext\">Un agua<\/span><\/li>\n<li class=\"tooltip\"><img decoding=\"async\" src=\"https:\/\/universaldegriferia.com\/wp-content\/uploads\/2021\/05\/icono_easy-clean.png\" \/> <span class=\"tooltiptext\">F\u00e1cil limpieza<\/span><\/li>\n<li class=\"tooltip\"><img decoding=\"async\" src=\"https:\/\/universaldegriferia.com\/wp-content\/uploads\/2021\/05\/icono_facil-montaje.png \" \/> <span class=\"tooltiptext\">F\u00e1cil instalaci\u00f3n<\/span><\/li>\n<li class=\"tooltip\"><img decoding=\"async\" src=\"https:\/\/universaldegriferia.com\/wp-content\/uploads\/2021\/05\/icono_movilidad.png\" \/> <span class=\"tooltiptext\">Movilidad extra<\/span><\/li>\n<\/ul>\n<div class=\"clear\"><\/div>\n<h3><b>EAN: <\/b>9427073205674<\/h3>\n<div class=\"clear\"><\/div>\n<\/div>\n<\/div>\n","protected":false},"excerpt":{"rendered":"<ul>\n<li>Grifo de un agua<\/li>\n<li>Ca\u00f1o giratorio<\/li>\n<li>Montura cer\u00e1mica<\/li>\n<\/ul>\n<div id=\"pdf_link\">\n<ul>\n<li class=\"tooltip\"><img decoding=\"async\" src=\"https:\/\/universaldegriferia.com\/wp-content\/uploads\/2021\/05\/icono_one-water-WHITE.png\" \/> <span class=\"tooltiptext\">Un agua<\/span><\/li>\n<li class=\"tooltip\"><img decoding=\"async\" src=\"https:\/\/universaldegriferia.com\/wp-content\/uploads\/2021\/05\/icono_easy-clean-WHITE.png\" \/> <span class=\"tooltiptext\">F\u00e1cil limpieza<\/span><\/li>\n<li class=\"tooltip\"><img decoding=\"async\" src=\"https:\/\/universaldegriferia.com\/wp-content\/uploads\/2021\/05\/icono_facil-montaje-WHITE.png \" \/> <span class=\"tooltiptext\">F\u00e1cil instalaci\u00f3n<\/span><\/li>\n<li class=\"tooltip\"><img decoding=\"async\" src=\"https:\/\/universaldegriferia.com\/wp-content\/uploads\/2021\/05\/icono_movilidad-WHITE.png\" \/> <span class=\"tooltiptext\">Movilidad extra<\/span><\/li>\n<\/ul>\n<p><a data=\"https:\/\/universaldegriferia.com\/wp-content\/uploads\/UG_11043_ficha_tecnica2021.pdf\" target=\"_blank\" rel=\"noopener\">Ficha del producto PDF<\/a><\/p>\n<p><a data=\"https:\/\/universaldegriferia.com\/wp-content\/uploads\/UG11043_plano.pdf\" target=\"_blank\" rel=\"noopener\">Plano T\u00e9cnico<\/a><\/p>\n<\/div>\n","protected":false},"featured_media":3862,"comment_status":"closed","ping_status":"closed","template":"","meta":{"site-sidebar-layout":"default","site-content-layout":"default","ast-global-header-display":"","ast-main-header-display":"","ast-hfb-above-header-display":"","ast-hfb-below-header-display":"","ast-hfb-mobile-header-display":"","site-post-title":"","ast-breadcrumbs-content":"","ast-featured-img":"","footer-sml-layout":"","theme-transparent-header-meta":"default","adv-header-id-meta":"","stick-header-meta":"default","header-above-stick-meta":"","header-main-stick-meta":"","header-below-stick-meta":""},"product_brand":[],"product_cat":[22,280],"product_tag":[],"yst_prominent_words":[],"class_list":{"0":"post-6747","1":"product","2":"type-product","3":"status-publish","4":"has-post-thumbnail","6":"product_cat-coleccion-cocina","7":"product_cat-grifos-cocina-un-agua-coleccion-cocina","8":"desktop-align-left","9":"tablet-align-left","10":"mobile-align-left","11":"ast-product-gallery-layout-horizontal-slider","12":"ast-product-gallery-with-no-image","13":"ast-product-single-variable","14":"ast-product-tabs-layout-horizontal","16":"first","17":"instock","18":"shipping-taxable","19":"purchasable","20":"product-type-variable","21":"has-default-attributes"},"_links":{"self":[{"href":"https:\/\/www.universaldegriferia.com\/en\/wp-json\/wp\/v2\/product\/6747","targetHints":{"allow":["GET"]}}],"collection":[{"href":"https:\/\/www.universaldegriferia.com\/en\/wp-json\/wp\/v2\/product"}],"about":[{"href":"https:\/\/www.universaldegriferia.com\/en\/wp-json\/wp\/v2\/types\/product"}],"replies":[{"embeddable":true,"href":"https:\/\/www.universaldegriferia.com\/en\/wp-json\/wp\/v2\/comments?post=6747"}],"wp:featuredmedia":[{"embeddable":true,"href":"https:\/\/www.universaldegriferia.com\/en\/wp-json\/wp\/v2\/media\/3862"}],"wp:attachment":[{"href":"https:\/\/www.universaldegriferia.com\/en\/wp-json\/wp\/v2\/media?parent=6747"}],"wp:term":[{"taxonomy":"product_brand","embeddable":true,"href":"https:\/\/www.universaldegriferia.com\/en\/wp-json\/wp\/v2\/product_brand?post=6747"},{"taxonomy":"product_cat","embeddable":true,"href":"https:\/\/www.universaldegriferia.com\/en\/wp-json\/wp\/v2\/product_cat?post=6747"},{"taxonomy":"product_tag","embeddable":true,"href":"https:\/\/www.universaldegriferia.com\/en\/wp-json\/wp\/v2\/product_tag?post=6747"},{"taxonomy":"yst_prominent_words","embeddable":true,"href":"https:\/\/www.universaldegriferia.com\/en\/wp-json\/wp\/v2\/yst_prominent_words?post=6747"}],"curies":[{"name":"wp","href":"https:\/\/api.w.org\/{rel}","templated":true}]}}