{"id":14487,"date":"2024-06-27T09:33:41","date_gmt":"2024-06-27T09:33:41","guid":{"rendered":"https:\/\/universaldegriferia.com\/?post_type=product&#038;p=14487"},"modified":"2026-04-23T07:41:05","modified_gmt":"2026-04-23T07:41:05","slug":"grifo-de-bano-termostatico-new-design-black-edition","status":"publish","type":"product","link":"https:\/\/www.universaldegriferia.com\/en\/producto\/grifo-de-bano-termostatico-new-design-black-edition\/","title":{"rendered":"Grifo de ba\u00f1o termost\u00e1tico NEW DESIGN Black Edition"},"content":{"rendered":"<div class=\"description_inner\">\n<div class=\"left_content_desc\">\n<h2><span>Referencia<\/span><b>UG<\/b> 11010T<\/h2>\n<ul>\n<li>Material: <b>Lat\u00f3n<\/b><\/li>\n<li>Acabado: <b>Negro<\/b><\/li>\n<li>Categor\u00eda: <b>Grifo de ba\u00f1o<\/b><\/li>\n<li>Tipo: <b>termost\u00e1tico<\/b><\/li>\n<li>Presentaci\u00f3n: <b>Caja UG<\/b><\/li>\n<li>Uso: <b>Dom\u00e9stico<\/b><\/li>\n<li>Accesorios: <b>Set de fijaci\u00f3n | Exc\u00e9ntricas<\/b><\/li>\n<li>Otros: <b>Tope de seguridad en 38\u00ba<\/b><\/li>\n<\/ul>\n<\/div>\n<div class=\"right_content_desc\">\n<h2><span>TERMOST\u00c1TICOS<\/span><b>UG<\/b> Ba\u00f1o<\/h2>\n<p>Nuestra gama de grifos termost\u00e1ticos traen la ultima tecnolog\u00eda con el dise\u00f1o m\u00e1s minimalista y contempor\u00e1neo. <\/p>\n<ul class=\"icon_desc\">\n<li class=\"tooltip\"><img decoding=\"async\" src=\"https:\/\/universaldegriferia.com\/wp-content\/uploads\/2021\/05\/icono_new.png\" \/> <span class=\"tooltiptext\">Nuevo o destacado<\/span><\/li>\n<li class=\"tooltip\"><img decoding=\"async\" src=\"https:\/\/universaldegriferia.com\/wp-content\/uploads\/2021\/05\/icono_aireador.png\" \/> <span class=\"tooltiptext\">Aireador<\/span><\/li>\n<li class=\"tooltip\"><img decoding=\"async\" src=\"https:\/\/universaldegriferia.com\/wp-content\/uploads\/2021\/05\/icono_easy-clean.png\" \/> <span class=\"tooltiptext\">F\u00e1cil limpieza<\/span><\/li>\n<li class=\"tooltip\"><img decoding=\"async\" src=\"https:\/\/universaldegriferia.com\/wp-content\/uploads\/2021\/05\/icono_facil-montaje.png \" \/> <span class=\"tooltiptext\">F\u00e1cil instalaci\u00f3n<\/span><\/li>\n<li class=\"tooltip\"><img decoding=\"async\" src=\"https:\/\/universaldegriferia.com\/wp-content\/uploads\/2021\/05\/icono_termostatico.png\" \/> <span class=\"tooltiptext\">Termost\u00e1tico<\/span><\/li>\n<\/ul>\n<div class=\"clear\"><\/div>\n<h3><b>EAN: <\/b>8437018399154<\/h3>\n<div class=\"clear\"><\/div>\n<\/div>\n<\/div>\n","protected":false},"excerpt":{"rendered":"<ul>\n<li>Grifo de ba\u00f1o termost\u00e1tico<\/li>\n<li>Tope de seguridad en 38\u00ba<\/li>\n<li>Conexi\u00f3n para flexo 1\/2\u0094<\/li>\n<li>Inversor autom\u00e1tico<\/li>\n<li>Aireador M24<\/li>\n<\/ul>\n<div id=\"pdf_link\">\n<ul>\n<li class=\"tooltip\"><img decoding=\"async\" src=\"https:\/\/universaldegriferia.com\/wp-content\/uploads\/Icono_new_white-1.png\" \/> <span class=\"tooltiptext\">Nuevo o destacado<\/span><\/li>\n<li class=\"tooltip\"><img decoding=\"async\" src=\"https:\/\/universaldegriferia.com\/wp-content\/uploads\/2021\/05\/icono_aireador-WHITE.png\" \/> <span class=\"tooltiptext\">Aireador<\/span><\/li>\n<li class=\"tooltip\"><img decoding=\"async\" src=\"https:\/\/universaldegriferia.com\/wp-content\/uploads\/2021\/05\/icono_easy-clean-WHITE.png\" \/> <span class=\"tooltiptext\">F\u00e1cil limpieza<\/span><\/li>\n<li class=\"tooltip\"><img decoding=\"async\" src=\"https:\/\/universaldegriferia.com\/wp-content\/uploads\/2021\/05\/icono_facil-montaje-WHITE.png \" \/> <span class=\"tooltiptext\">F\u00e1cil instalaci\u00f3n<\/span><\/li>\n<li class=\"tooltip\"><img decoding=\"async\" src=\"https:\/\/universaldegriferia.com\/wp-content\/uploads\/2021\/05\/icono_termostatico-WHITE.png\" \/> <span class=\"tooltiptext\">Termost\u00e1tico<\/span><\/li>\n<\/ul>\n<p><a data=\"https:\/\/universaldegriferia.com\/wp-content\/uploads\/UG_11010T_Ficha-tecnicas-2024.pdf\" target=\"_blank\" rel=\"noopener\">Ficha del producto PDF<\/a><\/p>\n<p><a data=\"https:\/\/universaldegriferia.com\/wp-content\/uploads\/UG11005_plano.pdf\" target=\"_blank\" rel=\"noopener\">Plano T\u00e9cnico<\/a><\/p>\n<\/div>\n","protected":false},"featured_media":14496,"comment_status":"closed","ping_status":"closed","template":"","meta":{"site-sidebar-layout":"default","site-content-layout":"default","ast-global-header-display":"","ast-main-header-display":"","ast-hfb-above-header-display":"","ast-hfb-below-header-display":"","ast-hfb-mobile-header-display":"","site-post-title":"","ast-breadcrumbs-content":"","ast-featured-img":"","footer-sml-layout":"","theme-transparent-header-meta":"default","adv-header-id-meta":"","stick-header-meta":"default","header-above-stick-meta":"","header-main-stick-meta":"","header-below-stick-meta":""},"product_brand":[],"product_cat":[19,175],"product_tag":[],"yst_prominent_words":[],"class_list":{"0":"post-14487","1":"product","2":"type-product","3":"status-publish","4":"has-post-thumbnail","6":"product_cat-coleccion-bano","7":"product_cat-termostaticos","8":"desktop-align-left","9":"tablet-align-left","10":"mobile-align-left","11":"ast-product-gallery-layout-horizontal-slider","12":"ast-product-gallery-with-no-image","13":"ast-product-single-variable","14":"ast-product-tabs-layout-horizontal","16":"first","17":"outofstock","18":"featured","19":"shipping-taxable","20":"purchasable","21":"product-type-variable","22":"has-default-attributes"},"_links":{"self":[{"href":"https:\/\/www.universaldegriferia.com\/en\/wp-json\/wp\/v2\/product\/14487","targetHints":{"allow":["GET"]}}],"collection":[{"href":"https:\/\/www.universaldegriferia.com\/en\/wp-json\/wp\/v2\/product"}],"about":[{"href":"https:\/\/www.universaldegriferia.com\/en\/wp-json\/wp\/v2\/types\/product"}],"replies":[{"embeddable":true,"href":"https:\/\/www.universaldegriferia.com\/en\/wp-json\/wp\/v2\/comments?post=14487"}],"wp:featuredmedia":[{"embeddable":true,"href":"https:\/\/www.universaldegriferia.com\/en\/wp-json\/wp\/v2\/media\/14496"}],"wp:attachment":[{"href":"https:\/\/www.universaldegriferia.com\/en\/wp-json\/wp\/v2\/media?parent=14487"}],"wp:term":[{"taxonomy":"product_brand","embeddable":true,"href":"https:\/\/www.universaldegriferia.com\/en\/wp-json\/wp\/v2\/product_brand?post=14487"},{"taxonomy":"product_cat","embeddable":true,"href":"https:\/\/www.universaldegriferia.com\/en\/wp-json\/wp\/v2\/product_cat?post=14487"},{"taxonomy":"product_tag","embeddable":true,"href":"https:\/\/www.universaldegriferia.com\/en\/wp-json\/wp\/v2\/product_tag?post=14487"},{"taxonomy":"yst_prominent_words","embeddable":true,"href":"https:\/\/www.universaldegriferia.com\/en\/wp-json\/wp\/v2\/yst_prominent_words?post=14487"}],"curies":[{"name":"wp","href":"https:\/\/api.w.org\/{rel}","templated":true}]}}